{"id":324,"date":"2024-08-06T14:31:53","date_gmt":"2024-08-06T12:31:53","guid":{"rendered":"https:\/\/fidamc.es\/?page_id=324"},"modified":"2026-03-23T09:34:00","modified_gmt":"2026-03-23T08:34:00","slug":"conciliacion-laboral","status":"publish","type":"page","link":"https:\/\/fidamc.es\/en\/conciliacion-laboral\/","title":{"rendered":"Work-life balance"},"content":{"rendered":"<p>[et_pb_section fb_built=\u00bb1&#8243; _builder_version=\u00bb4.25.1&#8243; _module_preset=\u00bbdefault\u00bb global_colors_info=\u00bb{}\u00bb][et_pb_row _builder_version=\u00bb4.25.1&#8243; _module_preset=\u00bbdefault\u00bb global_colors_info=\u00bb{}\u00bb][et_pb_column type=\u00bb4_4&#8243; _builder_version=\u00bb4.25.1&#8243; _module_preset=\u00bbdefault\u00bb global_colors_info=\u00bb{}\u00bb][et_pb_text _builder_version=\u00bb4.27.6&#8243; _module_preset=\u00bbdefault\u00bb hover_enabled=\u00bb0&#8243; global_colors_info=\u00bb{}\u00bb sticky_enabled=\u00bb0&#8243;]<\/p>\n<h2><strong><b>Work-life balance<\/b><\/strong><strong><b><\/b><\/strong><\/h2>\n<p>&nbsp;<\/p>\n<p>Fidamc tiene como uno de los objetivos prioritarios con sus profesionales el facilitar en la medida de lo posible la mejor conciliaci\u00f3n familiar. Por eso, entre otras cosas, facilita al personal de su plantilla cuyas funciones as\u00ed se lo permitan (personal de oficina) realizar una jornada flexible.<\/p>\n<p><strong>\u00a0<\/strong><\/p>\n<p><strong>FID@home, una medida para optimizar la relaci\u00f3n entre tiempo de trabajo y vida personal y familiar que reconoce el compromiso de la plantilla.<\/strong><\/p>\n<p>Fidamc, con el \u00e1nimo de lograr una mejor conciliaci\u00f3n familiar de sus profesionales, ha ido adoptando nuevas medidas que permiten que puedan compaginar su d\u00eda a d\u00eda con su relaci\u00f3n laboral, y es por ello por lo que permite a la plantilla que desarrolle unas funciones que as\u00ed se lo permitan (personal de oficina) realizar una jornada fuera de las instalaciones de Fidamc.<\/p>\n<p>Esas funciones est\u00e1n recogidas en FID@home, que es una medida flexible que permite a los\/as profesionales que cumplen con los requisitos y tienen el perfil adecuado puedan realizar parte de su jornada fuera de las instalaciones de Fidamc. Este programa encaja perfectamente en el modelo productivo y econ\u00f3mico, al favorecer la flexibilidad de las empresas en la organizaci\u00f3n del trabajo, incrementar las oportunidades de empleo y optimizar la relaci\u00f3n entre tiempo de trabajo y vida personal y familiar.<\/p>\n<p>[\/et_pb_text][\/et_pb_column][\/et_pb_row][\/et_pb_section]<\/p>","protected":false},"excerpt":{"rendered":"<p>Conciliaci\u00f3n laboral &nbsp; Fidamc tiene como uno de los objetivos prioritarios con sus profesionales el facilitar en la medida de lo posible la mejor conciliaci\u00f3n familiar. Por eso, entre otras cosas, facilita al personal de su plantilla cuyas funciones as\u00ed se lo permitan (personal de oficina) realizar una jornada flexible. \u00a0 FID@home, una medida para [&hellip;]<\/p>","protected":false},"author":2,"featured_media":0,"parent":0,"menu_order":0,"comment_status":"closed","ping_status":"closed","template":"","meta":{"_et_pb_use_builder":"on","_et_pb_old_content":"","_et_gb_content_width":"","footnotes":""},"class_list":["post-324","page","type-page","status-publish","hentry"],"yoast_head":"<!-- This site is optimized with the Yoast SEO plugin v26.7 - https:\/\/yoast.com\/wordpress\/plugins\/seo\/ -->\r\n<title>Conciliaci\u00f3n laboral - FIDAMC<\/title>\r\n<meta name=\"robots\" content=\"index, follow, max-snippet:-1, max-image-preview:large, max-video-preview:-1\" \/>\r\n<link rel=\"canonical\" href=\"https:\/\/fidamc.es\/en\/conciliacion-laboral\/\" \/>\r\n<meta property=\"og:locale\" content=\"en_GB\" \/>\r\n<meta property=\"og:type\" content=\"article\" \/>\r\n<meta property=\"og:title\" content=\"Conciliaci\u00f3n laboral - FIDAMC\" \/>\r\n<meta property=\"og:description\" content=\"Conciliaci\u00f3n laboral &nbsp; Fidamc tiene como uno de los objetivos prioritarios con sus profesionales el facilitar en la medida de lo posible la mejor conciliaci\u00f3n familiar. Por eso, entre otras cosas, facilita al personal de su plantilla cuyas funciones as\u00ed se lo permitan (personal de oficina) realizar una jornada flexible. \u00a0 FID@home, una medida para [&hellip;]\" \/>\r\n<meta property=\"og:url\" content=\"https:\/\/fidamc.es\/en\/conciliacion-laboral\/\" \/>\r\n<meta property=\"og:site_name\" content=\"FIDAMC\" \/>\r\n<meta property=\"article:modified_time\" content=\"2026-03-23T08:34:00+00:00\" \/>\r\n<meta name=\"twitter:card\" content=\"summary_large_image\" \/>\r\n<meta name=\"twitter:label1\" content=\"Estimated reading time\" \/>\n\t<meta name=\"twitter:data1\" content=\"1 minute\" \/>\r\n<script type=\"application\/ld+json\" class=\"yoast-schema-graph\">{\"@context\":\"https:\/\/schema.org\",\"@graph\":[{\"@type\":\"WebPage\",\"@id\":\"https:\/\/fidamc.es\/conciliacion-laboral\/\",\"url\":\"https:\/\/fidamc.es\/conciliacion-laboral\/\",\"name\":\"Conciliaci\u00f3n laboral - FIDAMC\",\"isPartOf\":{\"@id\":\"https:\/\/fidamc.es\/#website\"},\"datePublished\":\"2024-08-06T12:31:53+00:00\",\"dateModified\":\"2026-03-23T08:34:00+00:00\",\"breadcrumb\":{\"@id\":\"https:\/\/fidamc.es\/conciliacion-laboral\/#breadcrumb\"},\"inLanguage\":\"en-GB\",\"potentialAction\":[{\"@type\":\"ReadAction\",\"target\":[\"https:\/\/fidamc.es\/conciliacion-laboral\/\"]}]},{\"@type\":\"BreadcrumbList\",\"@id\":\"https:\/\/fidamc.es\/conciliacion-laboral\/#breadcrumb\",\"itemListElement\":[{\"@type\":\"ListItem\",\"position\":1,\"name\":\"Portada\",\"item\":\"https:\/\/fidamc.es\/\"},{\"@type\":\"ListItem\",\"position\":2,\"name\":\"Conciliaci\u00f3n laboral\"}]},{\"@type\":\"WebSite\",\"@id\":\"https:\/\/fidamc.es\/#website\",\"url\":\"https:\/\/fidamc.es\/\",\"name\":\"FIDAMC\",\"description\":\"Research, Development and Application of Composite Materials\",\"potentialAction\":[{\"@type\":\"SearchAction\",\"target\":{\"@type\":\"EntryPoint\",\"urlTemplate\":\"https:\/\/fidamc.es\/?s={search_term_string}\"},\"query-input\":{\"@type\":\"PropertyValueSpecification\",\"valueRequired\":true,\"valueName\":\"search_term_string\"}}],\"inLanguage\":\"en-GB\"}]}<\/script>\r\n<!-- \/ Yoast SEO plugin. -->","yoast_head_json":{"title":"Conciliaci\u00f3n laboral - FIDAMC","robots":{"index":"index","follow":"follow","max-snippet":"max-snippet:-1","max-image-preview":"max-image-preview:large","max-video-preview":"max-video-preview:-1"},"canonical":"https:\/\/fidamc.es\/en\/conciliacion-laboral\/","og_locale":"en_GB","og_type":"article","og_title":"Conciliaci\u00f3n laboral - FIDAMC","og_description":"Conciliaci\u00f3n laboral &nbsp; Fidamc tiene como uno de los objetivos prioritarios con sus profesionales el facilitar en la medida de lo posible la mejor conciliaci\u00f3n familiar. Por eso, entre otras cosas, facilita al personal de su plantilla cuyas funciones as\u00ed se lo permitan (personal de oficina) realizar una jornada flexible. \u00a0 FID@home, una medida para [&hellip;]","og_url":"https:\/\/fidamc.es\/en\/conciliacion-laboral\/","og_site_name":"FIDAMC","article_modified_time":"2026-03-23T08:34:00+00:00","twitter_card":"summary_large_image","twitter_misc":{"Estimated reading time":"1 minute"},"schema":{"@context":"https:\/\/schema.org","@graph":[{"@type":"WebPage","@id":"https:\/\/fidamc.es\/conciliacion-laboral\/","url":"https:\/\/fidamc.es\/conciliacion-laboral\/","name":"Conciliaci\u00f3n laboral - FIDAMC","isPartOf":{"@id":"https:\/\/fidamc.es\/#website"},"datePublished":"2024-08-06T12:31:53+00:00","dateModified":"2026-03-23T08:34:00+00:00","breadcrumb":{"@id":"https:\/\/fidamc.es\/conciliacion-laboral\/#breadcrumb"},"inLanguage":"en-GB","potentialAction":[{"@type":"ReadAction","target":["https:\/\/fidamc.es\/conciliacion-laboral\/"]}]},{"@type":"BreadcrumbList","@id":"https:\/\/fidamc.es\/conciliacion-laboral\/#breadcrumb","itemListElement":[{"@type":"ListItem","position":1,"name":"Portada","item":"https:\/\/fidamc.es\/"},{"@type":"ListItem","position":2,"name":"Conciliaci\u00f3n laboral"}]},{"@type":"WebSite","@id":"https:\/\/fidamc.es\/#website","url":"https:\/\/fidamc.es\/","name":"FIDAMC","description":"Research, Development and Application of Composite Materials","potentialAction":[{"@type":"SearchAction","target":{"@type":"EntryPoint","urlTemplate":"https:\/\/fidamc.es\/?s={search_term_string}"},"query-input":{"@type":"PropertyValueSpecification","valueRequired":true,"valueName":"search_term_string"}}],"inLanguage":"en-GB"}]}},"_links":{"self":[{"href":"https:\/\/fidamc.es\/en\/wp-json\/wp\/v2\/pages\/324","targetHints":{"allow":["GET"]}}],"collection":[{"href":"https:\/\/fidamc.es\/en\/wp-json\/wp\/v2\/pages"}],"about":[{"href":"https:\/\/fidamc.es\/en\/wp-json\/wp\/v2\/types\/page"}],"author":[{"embeddable":true,"href":"https:\/\/fidamc.es\/en\/wp-json\/wp\/v2\/users\/2"}],"replies":[{"embeddable":true,"href":"https:\/\/fidamc.es\/en\/wp-json\/wp\/v2\/comments?post=324"}],"version-history":[{"count":6,"href":"https:\/\/fidamc.es\/en\/wp-json\/wp\/v2\/pages\/324\/revisions"}],"predecessor-version":[{"id":3106,"href":"https:\/\/fidamc.es\/en\/wp-json\/wp\/v2\/pages\/324\/revisions\/3106"}],"wp:attachment":[{"href":"https:\/\/fidamc.es\/en\/wp-json\/wp\/v2\/media?parent=324"}],"curies":[{"name":"wp","href":"https:\/\/api.w.org\/{rel}","templated":true}]}}