{"id":724,"date":"2024-09-27T12:41:16","date_gmt":"2024-09-27T10:41:16","guid":{"rendered":"https:\/\/fidamc.es\/?page_id=724"},"modified":"2024-09-27T13:03:16","modified_gmt":"2024-09-27T11:03:16","slug":"proteccion-de-los-datos-personales-facilitados-en-el-canal-de-denuncias","status":"publish","type":"page","link":"https:\/\/fidamc.es\/en\/proteccion-de-los-datos-personales-facilitados-en-el-canal-de-denuncias\/","title":{"rendered":"Protecci\u00f3n de los datos personales facilitados en el Canal de Denuncias"},"content":{"rendered":"<p>[et_pb_section fb_built=\u00bb1&#8243; admin_label=\u00bbHero\u00bb _builder_version=\u00bb4.25.1&#8243; use_background_color_gradient=\u00bbon\u00bb background_color_gradient_type=\u00bbcircular\u00bb background_color_gradient_direction_radial=\u00bbtop left\u00bb background_color_gradient_stops=\u00bbrgba(40,40,40,0.79) 0%|rgba(40,40,40,0.86) 100%\u00bb background_color_gradient_overlays_image=\u00bbon\u00bb background_color_gradient_start=\u00bbrgba(40,40,40,0.79)\u00bb background_color_gradient_end=\u00bbrgba(40,40,40,0.86)\u00bb background_image=\u00bbhttps:\/\/fidamc.es\/wp-content\/uploads\/2024\/05\/Imagen27.jpg\u00bb background_position=\u00bbtop_right\u00bb custom_padding=\u00bb0px||0px||true|false\u00bb global_colors_info=\u00bb{}\u00bb][et_pb_row use_custom_gutter=\u00bbon\u00bb make_equal=\u00bbon\u00bb padding_top_bottom_link_1=\u00bbtrue\u00bb padding_top_bottom_link_2=\u00bbtrue\u00bb padding_left_right_link_1=\u00bbtrue\u00bb padding_left_right_link_2=\u00bbtrue\u00bb background_color_gradient_type_1=\u00bbcircular\u00bb _builder_version=\u00bb4.26.0&#8243; width=\u00bb100%\u00bb max_width=\u00bb100%\u00bb custom_padding=\u00bb0px||0px||true\u00bb use_custom_width=\u00bbon\u00bb width_unit=\u00bboff\u00bb custom_width_percent=\u00bb100%\u00bb global_colors_info=\u00bb{}\u00bb][et_pb_column type=\u00bb4_4&#8243; _builder_version=\u00bb4.25.1&#8243; background_color_gradient_start=\u00bbrgba(40,40,40,0.79)\u00bb background_color_gradient_end=\u00bbrgba(40,40,40,0.86)\u00bb custom_padding=\u00bb10vw|6vw|10vw|6vw\u00bb custom_padding_tablet=\u00bb10vw|10%|10vw|10%|true|true\u00bb custom_padding_phone=\u00bb10vw|10%|10vw|10%|true|true\u00bb custom_padding_last_edited=\u00bbon|desktop\u00bb global_colors_info=\u00bb{}\u00bb padding_tablet=\u00bb10vw|10%|10vw|10%|true|true\u00bb padding_last_edited=\u00bbon|desktop\u00bb custom_padding__hover=\u00bb|||\u00bb padding_phone=\u00bb10vw|10%|10vw|10%|true|true\u00bb][et_pb_text _builder_version=\u00bb4.27.0&#8243; text_font=\u00bb||||||||\u00bb header_font=\u00bbRubik|700|||||||\u00bb header_font_size=\u00bb64px\u00bb header_line_height=\u00bb1.1em\u00bb background_layout=\u00bbdark\u00bb max_width=\u00bb800px\u00bb custom_margin=\u00bb||0px|\u00bb custom_padding=\u00bb|||16px\u00bb text_font_size_tablet=\u00bb14px\u00bb text_font_size_last_edited=\u00bboff|desktop\u00bb header_font_size_tablet=\u00bb44px\u00bb header_font_size_phone=\u00bb32px\u00bb header_font_size_last_edited=\u00bbon|phone\u00bb border_color_all=\u00bb#00aa9c\u00bb border_width_left=\u00bb10px\u00bb global_colors_info=\u00bb{}\u00bb]<\/p>\n<h1><strong>Protecci\u00f3n de los datos personales facilitados en el Canal de Denuncias<\/strong><\/h1>\n<p>[\/et_pb_text][\/et_pb_column][\/et_pb_row][\/et_pb_section][et_pb_section fb_built=\u00bb1&#8243; _builder_version=\u00bb4.27.0&#8243; _module_preset=\u00bbdefault\u00bb global_colors_info=\u00bb{}\u00bb][et_pb_row _builder_version=\u00bb4.27.0&#8243; _module_preset=\u00bbdefault\u00bb global_colors_info=\u00bb{}\u00bb][et_pb_column type=\u00bb4_4&#8243; _builder_version=\u00bb4.27.0&#8243; _module_preset=\u00bbdefault\u00bb global_colors_info=\u00bb{}\u00bb][et_pb_text _builder_version=\u00bb4.27.0&#8243; _module_preset=\u00bbdefault\u00bb hover_enabled=\u00bb0&#8243; global_colors_info=\u00bb{}\u00bb sticky_enabled=\u00bb0&#8243;]<\/p>\n<p>&nbsp;<\/p>\n<table>\n<tbody>\n<tr>\n<td width=\"123\"><strong>Responsable<\/strong><\/td>\n<td width=\"444\">FIDAMC<\/td>\n<\/tr>\n<tr>\n<td width=\"123\"><strong>Finalidad<\/strong><\/td>\n<td width=\"444\">Gestionar el canal de denuncias e investigaci\u00f3n de los hechos puestos en conocimiento a trav\u00e9s del mismo.<\/td>\n<\/tr>\n<tr>\n<td width=\"123\"><strong>Legitimaci\u00f3n<\/strong><\/td>\n<td width=\"444\">\n<p>\u00b7\u00a0\u00a0\u00a0\u00a0\u00a0\u00a0 Consentimiento expreso del denunciante.<\/p>\n<p>\u00b7\u00a0\u00a0\u00a0\u00a0\u00a0\u00a0 El inter\u00e9s leg\u00edtimo de la fundaci\u00f3n de garantizar el cumplimiento de la legislaci\u00f3n aplicable y la prevenci\u00f3n de conductas irregulares.<\/p>\n<\/td>\n<\/tr>\n<tr>\n<td width=\"123\"><strong>Destinatarios<\/strong><\/td>\n<td width=\"444\">Sus datos no se ceder\u00e1n a terceros, salvo en cumplimiento de obligaciones legales.<\/td>\n<\/tr>\n<tr>\n<td width=\"123\"><strong>Derechos<\/strong><\/td>\n<td width=\"444\">Derecho de acceso, rectificaci\u00f3n, supresi\u00f3n, oposici\u00f3n y limitaci\u00f3n del tratamiento y a no ser objeto de decisiones \u00edntegramente automatizadas.<\/td>\n<\/tr>\n<\/tbody>\n<\/table>\n<p>&nbsp;<\/p>\n<h3><strong>IDENTIDAD Y DATOS DEL RESPONSABLE<\/strong><\/h3>\n<ul>\n<li><strong>Identidad del Responsable:<\/strong> FIDAMC<\/li>\n<li><strong>Domicilio:<\/strong> Avenida Rita Levi Montalcini, n\u00famero 29, 28906, Getafe, Madrid, Espa\u00f1a.<\/li>\n<li><strong>NIF:<\/strong> G-84812296<\/li>\n<\/ul>\n<p>&nbsp;<\/p>\n<h3><strong>\u00bfCON QUE FINALIDAD TRATAMOS TUS DATOS?<\/strong><\/h3>\n<p>Los datos personales facilitados los utilizaremos, exclusivamente, para gestionar e investigar de los hechos denunciados a trav\u00e9s del canal de denuncias. No crearemos perfiles en base a la informaci\u00f3n facilitada, por lo que tampoco se tomar\u00e1n decisiones automatizadas en base a perfiles.<\/p>\n<p>&nbsp;<\/p>\n<h3><strong>\u00bfCUAL ES LA LEGITIMACI\u00d3N CON LA QUE TRATAMOS TUS DATOS?<\/strong><\/h3>\n<p>La legitimaci\u00f3n es el consentimiento del denunciante, junto con el inter\u00e9s leg\u00edtimo de velar por el cumplimiento de la legalidad vigente, persiguiendo y actuando frente a conductas irregulares.<\/p>\n<p><strong><u>\u00bfQUIEN TIENE ACCESO A LOS DATOS PERSONALES FACILITADOS?<\/u><\/strong><\/p>\n<p>El acceso est\u00e1 limitado exclusivamente a los miembros del Comit\u00e9 de \u00c9tica y Cumplimiento que desarrollan las funciones de cumplimiento normativo en la FIDAMC. No obstante, podr\u00e1n acceder a dichos datos y\/o comunicarse a terceros, cuando resulte necesario para la adopci\u00f3n de medidas disciplinarias y\/o la tramitaci\u00f3n de los procedimientos judiciales que, en cada caso, procedan.<\/p>\n<h3><strong><\/strong><\/h3>\n<h3><strong>DERECHO A RETIRAR TU CONSENTIMIENTO<\/strong><\/h3>\n<p>En cualquier momento puedes retirar tu consentimiento para el tratamiento de tus datos, salvo orden de la autoridad competente.<\/p>\n<p>&nbsp;<\/p>\n<p><strong><u>CONFIDENCIALIDAD DEL DENUNCIANTE<\/u><\/strong><\/p>\n<p>De conformidad con la legislaci\u00f3n aplicable puede enviar su denuncia de manera an\u00f3nima, pero, en el caso de que prefiera facilitarnos su identidad, su identidad es confidencial y no se no se facilitar\u00e1 al denunciado.<\/p>\n<h3><\/h3>\n<h3><strong>\u00bfA QUE DESTINATARIOS SE COMUNICARAN TUS DATOS?<\/strong><\/h3>\n<p>No comunicaremos ni cederemos tus datos a terceros, salvo cuando resulte necesario para la adopci\u00f3n de medidas disciplinarias y\/o la tramitaci\u00f3n de los procedimientos judiciales que, en cada caso, procedan. Tampoco se realizar\u00e1n transferencias internacionales de datos personales a terceros pa\u00edses u organizaciones. Los hechos, datos y la informaci\u00f3n suministrada son tratados con absoluta confidencialidad.<\/p>\n<p>&nbsp;<\/p>\n<h3><strong>\u00bfCU\u00c1NTO TIEMPO CONSERVAREMOS TUS DATOS?<\/strong><\/h3>\n<p>Los datos personales suministrados se conservar\u00e1n durante el proceso de investigaci\u00f3n de los hechos denunciados, y ser\u00e1n suprimidos en el plazo de tres meses desde la recepci\u00f3n de la denuncia, a no ser que de la propia investigaci\u00f3n se resuelva la adopci\u00f3n de medidas contra el denunciado, en este supuesto se conservar\u00e1n el tiempo fijado por la legislaci\u00f3n aplicable.<\/p>\n<p>&nbsp;<\/p>\n<h3><strong>\u00bfCUALES SON TUS DERECHOS?<\/strong><\/h3>\n<p>Puedes obtener toda la informaci\u00f3n sobre cu\u00e1les son tus derechos, y como ejercerlos, de conformidad a lo dispuesto en nuestra <a href=\"https:\/\/fidamc.es\/en\/politica-proteccion-datos\/\"><strong><u>Pol\u00edtica de Protecci\u00f3n de Datos.<\/u><\/strong><\/a><\/p>\n<p>&nbsp;<\/p>\n<p>&nbsp;<\/p>\n<p>[\/et_pb_text][\/et_pb_column][\/et_pb_row][\/et_pb_section]<\/p>","protected":false},"excerpt":{"rendered":"<p>Protecci\u00f3n de los datos personales facilitados en el Canal de Denuncias&nbsp; Responsable FIDAMC Finalidad Gestionar el canal de denuncias e investigaci\u00f3n de los hechos puestos en conocimiento a trav\u00e9s del mismo. Legitimaci\u00f3n \u00b7\u00a0\u00a0\u00a0\u00a0\u00a0\u00a0 Consentimiento expreso del denunciante. \u00b7\u00a0\u00a0\u00a0\u00a0\u00a0\u00a0 El inter\u00e9s leg\u00edtimo de la fundaci\u00f3n de garantizar el cumplimiento de la legislaci\u00f3n aplicable y la prevenci\u00f3n [&hellip;]<\/p>","protected":false},"author":1,"featured_media":0,"parent":0,"menu_order":0,"comment_status":"closed","ping_status":"closed","template":"","meta":{"_et_pb_use_builder":"on","_et_pb_old_content":"","_et_gb_content_width":"","footnotes":""},"class_list":["post-724","page","type-page","status-publish","hentry"],"yoast_head":"<!-- This site is optimized with the Yoast SEO plugin v26.7 - https:\/\/yoast.com\/wordpress\/plugins\/seo\/ -->\r\n<title>Protecci\u00f3n de los datos personales facilitados en el Canal de Denuncias - FIDAMC<\/title>\r\n<meta name=\"robots\" content=\"index, follow, max-snippet:-1, max-image-preview:large, max-video-preview:-1\" \/>\r\n<link rel=\"canonical\" href=\"https:\/\/fidamc.es\/en\/proteccion-de-los-datos-personales-facilitados-en-el-canal-de-denuncias\/\" \/>\r\n<meta property=\"og:locale\" content=\"en_GB\" \/>\r\n<meta property=\"og:type\" content=\"article\" \/>\r\n<meta property=\"og:title\" content=\"Protecci\u00f3n de los datos personales facilitados en el Canal de Denuncias - FIDAMC\" \/>\r\n<meta property=\"og:description\" content=\"Protecci\u00f3n de los datos personales facilitados en el Canal de Denuncias&nbsp; Responsable FIDAMC Finalidad Gestionar el canal de denuncias e investigaci\u00f3n de los hechos puestos en conocimiento a trav\u00e9s del mismo. Legitimaci\u00f3n \u00b7\u00a0\u00a0\u00a0\u00a0\u00a0\u00a0 Consentimiento expreso del denunciante. \u00b7\u00a0\u00a0\u00a0\u00a0\u00a0\u00a0 El inter\u00e9s leg\u00edtimo de la fundaci\u00f3n de garantizar el cumplimiento de la legislaci\u00f3n aplicable y la prevenci\u00f3n [&hellip;]\" \/>\r\n<meta property=\"og:url\" content=\"https:\/\/fidamc.es\/en\/proteccion-de-los-datos-personales-facilitados-en-el-canal-de-denuncias\/\" \/>\r\n<meta property=\"og:site_name\" content=\"FIDAMC\" \/>\r\n<meta property=\"article:modified_time\" content=\"2024-09-27T11:03:16+00:00\" \/>\r\n<meta name=\"twitter:card\" content=\"summary_large_image\" \/>\r\n<meta name=\"twitter:label1\" content=\"Estimated reading time\" \/>\n\t<meta name=\"twitter:data1\" content=\"4 minutes\" \/>\r\n<script type=\"application\/ld+json\" class=\"yoast-schema-graph\">{\"@context\":\"https:\/\/schema.org\",\"@graph\":[{\"@type\":\"WebPage\",\"@id\":\"https:\/\/fidamc.es\/proteccion-de-los-datos-personales-facilitados-en-el-canal-de-denuncias\/\",\"url\":\"https:\/\/fidamc.es\/proteccion-de-los-datos-personales-facilitados-en-el-canal-de-denuncias\/\",\"name\":\"Protecci\u00f3n de los datos personales facilitados en el Canal de Denuncias - FIDAMC\",\"isPartOf\":{\"@id\":\"https:\/\/fidamc.es\/#website\"},\"datePublished\":\"2024-09-27T10:41:16+00:00\",\"dateModified\":\"2024-09-27T11:03:16+00:00\",\"breadcrumb\":{\"@id\":\"https:\/\/fidamc.es\/proteccion-de-los-datos-personales-facilitados-en-el-canal-de-denuncias\/#breadcrumb\"},\"inLanguage\":\"en-GB\",\"potentialAction\":[{\"@type\":\"ReadAction\",\"target\":[\"https:\/\/fidamc.es\/proteccion-de-los-datos-personales-facilitados-en-el-canal-de-denuncias\/\"]}]},{\"@type\":\"BreadcrumbList\",\"@id\":\"https:\/\/fidamc.es\/proteccion-de-los-datos-personales-facilitados-en-el-canal-de-denuncias\/#breadcrumb\",\"itemListElement\":[{\"@type\":\"ListItem\",\"position\":1,\"name\":\"Portada\",\"item\":\"https:\/\/fidamc.es\/\"},{\"@type\":\"ListItem\",\"position\":2,\"name\":\"Protecci\u00f3n de los datos personales facilitados en el Canal de Denuncias\"}]},{\"@type\":\"WebSite\",\"@id\":\"https:\/\/fidamc.es\/#website\",\"url\":\"https:\/\/fidamc.es\/\",\"name\":\"FIDAMC\",\"description\":\"Research, Development and Application of Composite Materials\",\"potentialAction\":[{\"@type\":\"SearchAction\",\"target\":{\"@type\":\"EntryPoint\",\"urlTemplate\":\"https:\/\/fidamc.es\/?s={search_term_string}\"},\"query-input\":{\"@type\":\"PropertyValueSpecification\",\"valueRequired\":true,\"valueName\":\"search_term_string\"}}],\"inLanguage\":\"en-GB\"}]}<\/script>\r\n<!-- \/ Yoast SEO plugin. -->","yoast_head_json":{"title":"Protecci\u00f3n de los datos personales facilitados en el Canal de Denuncias - FIDAMC","robots":{"index":"index","follow":"follow","max-snippet":"max-snippet:-1","max-image-preview":"max-image-preview:large","max-video-preview":"max-video-preview:-1"},"canonical":"https:\/\/fidamc.es\/en\/proteccion-de-los-datos-personales-facilitados-en-el-canal-de-denuncias\/","og_locale":"en_GB","og_type":"article","og_title":"Protecci\u00f3n de los datos personales facilitados en el Canal de Denuncias - FIDAMC","og_description":"Protecci\u00f3n de los datos personales facilitados en el Canal de Denuncias&nbsp; Responsable FIDAMC Finalidad Gestionar el canal de denuncias e investigaci\u00f3n de los hechos puestos en conocimiento a trav\u00e9s del mismo. Legitimaci\u00f3n \u00b7\u00a0\u00a0\u00a0\u00a0\u00a0\u00a0 Consentimiento expreso del denunciante. \u00b7\u00a0\u00a0\u00a0\u00a0\u00a0\u00a0 El inter\u00e9s leg\u00edtimo de la fundaci\u00f3n de garantizar el cumplimiento de la legislaci\u00f3n aplicable y la prevenci\u00f3n [&hellip;]","og_url":"https:\/\/fidamc.es\/en\/proteccion-de-los-datos-personales-facilitados-en-el-canal-de-denuncias\/","og_site_name":"FIDAMC","article_modified_time":"2024-09-27T11:03:16+00:00","twitter_card":"summary_large_image","twitter_misc":{"Estimated reading time":"4 minutes"},"schema":{"@context":"https:\/\/schema.org","@graph":[{"@type":"WebPage","@id":"https:\/\/fidamc.es\/proteccion-de-los-datos-personales-facilitados-en-el-canal-de-denuncias\/","url":"https:\/\/fidamc.es\/proteccion-de-los-datos-personales-facilitados-en-el-canal-de-denuncias\/","name":"Protecci\u00f3n de los datos personales facilitados en el Canal de Denuncias - FIDAMC","isPartOf":{"@id":"https:\/\/fidamc.es\/#website"},"datePublished":"2024-09-27T10:41:16+00:00","dateModified":"2024-09-27T11:03:16+00:00","breadcrumb":{"@id":"https:\/\/fidamc.es\/proteccion-de-los-datos-personales-facilitados-en-el-canal-de-denuncias\/#breadcrumb"},"inLanguage":"en-GB","potentialAction":[{"@type":"ReadAction","target":["https:\/\/fidamc.es\/proteccion-de-los-datos-personales-facilitados-en-el-canal-de-denuncias\/"]}]},{"@type":"BreadcrumbList","@id":"https:\/\/fidamc.es\/proteccion-de-los-datos-personales-facilitados-en-el-canal-de-denuncias\/#breadcrumb","itemListElement":[{"@type":"ListItem","position":1,"name":"Portada","item":"https:\/\/fidamc.es\/"},{"@type":"ListItem","position":2,"name":"Protecci\u00f3n de los datos personales facilitados en el Canal de Denuncias"}]},{"@type":"WebSite","@id":"https:\/\/fidamc.es\/#website","url":"https:\/\/fidamc.es\/","name":"FIDAMC","description":"Research, Development and Application of Composite Materials","potentialAction":[{"@type":"SearchAction","target":{"@type":"EntryPoint","urlTemplate":"https:\/\/fidamc.es\/?s={search_term_string}"},"query-input":{"@type":"PropertyValueSpecification","valueRequired":true,"valueName":"search_term_string"}}],"inLanguage":"en-GB"}]}},"_links":{"self":[{"href":"https:\/\/fidamc.es\/en\/wp-json\/wp\/v2\/pages\/724","targetHints":{"allow":["GET"]}}],"collection":[{"href":"https:\/\/fidamc.es\/en\/wp-json\/wp\/v2\/pages"}],"about":[{"href":"https:\/\/fidamc.es\/en\/wp-json\/wp\/v2\/types\/page"}],"author":[{"embeddable":true,"href":"https:\/\/fidamc.es\/en\/wp-json\/wp\/v2\/users\/1"}],"replies":[{"embeddable":true,"href":"https:\/\/fidamc.es\/en\/wp-json\/wp\/v2\/comments?post=724"}],"version-history":[{"count":4,"href":"https:\/\/fidamc.es\/en\/wp-json\/wp\/v2\/pages\/724\/revisions"}],"predecessor-version":[{"id":728,"href":"https:\/\/fidamc.es\/en\/wp-json\/wp\/v2\/pages\/724\/revisions\/728"}],"wp:attachment":[{"href":"https:\/\/fidamc.es\/en\/wp-json\/wp\/v2\/media?parent=724"}],"curies":[{"name":"wp","href":"https:\/\/api.w.org\/{rel}","templated":true}]}}